{"id":469,"date":"2025-08-11T16:42:43","date_gmt":"2025-08-11T14:42:43","guid":{"rendered":"https:\/\/blancascomi.es\/?post_type=product&#038;p=469"},"modified":"2025-08-30T13:48:32","modified_gmt":"2025-08-30T11:48:32","slug":"libro-fiestas-2025","status":"publish","type":"product","link":"https:\/\/blancascomi.es\/?product=libro-fiestas-2025","title":{"rendered":"Libro Fiestas 2025"},"content":{"rendered":"<p>Blancas celebra sus Fiestas Patronales con un esp\u00edritu de ilusi\u00f3n y unidad!!!<\/p>\n<p>Del 20 al 24 de agosto, Blancas celebrar\u00e1 sus fiestas en honor a Nuestra Se\u00f1ora la Virgen de la Carrasca.<br \/>\nEl programa de este a\u00f1o est\u00e1 pensado para avivar la ilusi\u00f3n y fortalecer la armon\u00eda entre los \u00abblanqueros\u00bb y visitantes, propiciando el reencuentro y la alegr\u00eda de compartir.<br \/>\nLa Comisi\u00f3n de Fiestas y la Asociaci\u00f3n Amigos de Blancas han trabajado con cari\u00f1o e ilusi\u00f3n desinteresadamente, hagamos entre tod@s que estas celebraciones sean un \u00e9xito y  que el pueblo se llene de vida y tradici\u00f3n un a\u00f1o m\u00e1s.<br \/>\n<a href=\"https:\/\/blancascomi.es\/wp-content\/uploads\/2025\/08\/Libro-Fiestas-25_v4_low.pdf\">LIBRO DE FIESTAS<\/a><\/p>\n<p>Disculpad cualquierr error u omisi\u00f3n en el presente libro.<br \/>\nCualquier modificaci\u00f3n en los horarios ser\u00e1 convenientemente comunicada.<\/p>\n","protected":false},"excerpt":{"rendered":"<p>Libro Fiestas 2025<\/p>\n","protected":false},"featured_media":470,"template":"","meta":{"site-sidebar-layout":"default","site-content-layout":"","ast-site-content-layout":"default","site-content-style":"default","site-sidebar-style":"default","ast-global-header-display":"","ast-banner-title-visibility":"","ast-main-header-display":"","ast-hfb-above-header-display":"","ast-hfb-below-header-display":"","ast-hfb-mobile-header-display":"","site-post-title":"","ast-breadcrumbs-content":"","ast-featured-img":"","footer-sml-layout":"","theme-transparent-header-meta":"default","adv-header-id-meta":"","stick-header-meta":"","header-above-stick-meta":"","header-main-stick-meta":"","header-below-stick-meta":"","astra-migrate-meta-layouts":"set","ast-page-background-enabled":"default","ast-page-background-meta":{"desktop":{"background-color":"","background-image":"","background-repeat":"repeat","background-position":"center center","background-size":"auto","background-attachment":"scroll","background-type":"","background-media":"","overlay-type":"","overlay-color":"","overlay-opacity":"","overlay-gradient":""},"tablet":{"background-color":"","background-image":"","background-repeat":"repeat","background-position":"center center","background-size":"auto","background-attachment":"scroll","background-type":"","background-media":"","overlay-type":"","overlay-color":"","overlay-opacity":"","overlay-gradient":""},"mobile":{"background-color":"","background-image":"","background-repeat":"repeat","background-position":"center center","background-size":"auto","background-attachment":"scroll","background-type":"","background-media":"","overlay-type":"","overlay-color":"","overlay-opacity":"","overlay-gradient":""}},"ast-content-background-meta":{"desktop":{"background-color":"var(--ast-global-color-5)","background-image":"","background-repeat":"repeat","background-position":"center center","background-size":"auto","background-attachment":"scroll","background-type":"","background-media":"","overlay-type":"","overlay-color":"","overlay-opacity":"","overlay-gradient":""},"tablet":{"background-color":"var(--ast-global-color-5)","background-image":"","background-repeat":"repeat","background-position":"center center","background-size":"auto","background-attachment":"scroll","background-type":"","background-media":"","overlay-type":"","overlay-color":"","overlay-opacity":"","overlay-gradient":""},"mobile":{"background-color":"var(--ast-global-color-5)","background-image":"","background-repeat":"repeat","background-position":"center center","background-size":"auto","background-attachment":"scroll","background-type":"","background-media":"","overlay-type":"","overlay-color":"","overlay-opacity":"","overlay-gradient":""}}},"product_brand":[],"product_cat":[23],"product_tag":[],"class_list":{"0":"post-469","1":"product","2":"type-product","3":"status-publish","4":"has-post-thumbnail","6":"product_cat-accesorios","7":"desktop-align-left","8":"tablet-align-left","9":"mobile-align-left","11":"first","12":"instock","13":"downloadable","14":"virtual","15":"product-type-simple"},"_links":{"self":[{"href":"https:\/\/blancascomi.es\/index.php?rest_route=\/wp\/v2\/product\/469","targetHints":{"allow":["GET"]}}],"collection":[{"href":"https:\/\/blancascomi.es\/index.php?rest_route=\/wp\/v2\/product"}],"about":[{"href":"https:\/\/blancascomi.es\/index.php?rest_route=\/wp\/v2\/types\/product"}],"wp:featuredmedia":[{"embeddable":true,"href":"https:\/\/blancascomi.es\/index.php?rest_route=\/wp\/v2\/media\/470"}],"wp:attachment":[{"href":"https:\/\/blancascomi.es\/index.php?rest_route=%2Fwp%2Fv2%2Fmedia&parent=469"}],"wp:term":[{"taxonomy":"product_brand","embeddable":true,"href":"https:\/\/blancascomi.es\/index.php?rest_route=%2Fwp%2Fv2%2Fproduct_brand&post=469"},{"taxonomy":"product_cat","embeddable":true,"href":"https:\/\/blancascomi.es\/index.php?rest_route=%2Fwp%2Fv2%2Fproduct_cat&post=469"},{"taxonomy":"product_tag","embeddable":true,"href":"https:\/\/blancascomi.es\/index.php?rest_route=%2Fwp%2Fv2%2Fproduct_tag&post=469"}],"curies":[{"name":"wp","href":"https:\/\/api.w.org\/{rel}","templated":true}]}}