{"id":380,"date":"2025-07-18T19:26:28","date_gmt":"2025-07-18T17:26:28","guid":{"rendered":"https:\/\/blancascomi.es\/?post_type=product&#038;p=380"},"modified":"2025-08-30T17:56:49","modified_gmt":"2025-08-30T15:56:49","slug":"andada-de-las-dos-sabinas-10k","status":"publish","type":"product","link":"https:\/\/blancascomi.es\/?product=andada-de-las-dos-sabinas-10k","title":{"rendered":"Andada Nocturna de las dos sabinas 10K"},"content":{"rendered":"<p>Inscripciones hasta el martes 14 de agosto, en la web y en la comisi\u00f3n.<br \/>\nSi lo prefieres puedes hacer un bizum de 15\u20ac  Mov.:688905972, indica la talla de la camiseta y podr\u00e1s recoger la camiseta en la comisi\u00f3n.<br \/>\nAndada nocturna no competitiva, Saldremos a las 21:30h de la plaza del pueblo.<br \/>\nHabr\u00e1 un avituallamiento \u00a1\u00a1Bocadillo y bebida para TOD@S!! en la sabina milenaria. Premios y sorpresas para todos los participantes!!!.<\/p>\n","protected":false},"excerpt":{"rendered":"<p>Inscripciones hasta el martes 14 de agosto, en la web y en la comisi\u00f3n. Si lo prefieres puedes hacer un bizum de 15\u20ac Mov.:688905972, indica la talla de la camiseta y podr\u00e1s recoger la camiseta en la comisi\u00f3n. Andada nocturna no competitiva, Saldremos a las 21:30h de la plaza del pueblo. Habr\u00e1 un avituallamiento \u00a1\u00a1Bocadillo [&hellip;]<\/p>\n","protected":false},"featured_media":438,"template":"","meta":{"site-sidebar-layout":"default","site-content-layout":"","ast-site-content-layout":"default","site-content-style":"default","site-sidebar-style":"default","ast-global-header-display":"","ast-banner-title-visibility":"","ast-main-header-display":"","ast-hfb-above-header-display":"","ast-hfb-below-header-display":"","ast-hfb-mobile-header-display":"","site-post-title":"","ast-breadcrumbs-content":"","ast-featured-img":"","footer-sml-layout":"","theme-transparent-header-meta":"default","adv-header-id-meta":"","stick-header-meta":"","header-above-stick-meta":"","header-main-stick-meta":"","header-below-stick-meta":"","astra-migrate-meta-layouts":"set","ast-page-background-enabled":"default","ast-page-background-meta":{"desktop":{"background-color":"","background-image":"","background-repeat":"repeat","background-position":"center center","background-size":"auto","background-attachment":"scroll","background-type":"","background-media":"","overlay-type":"","overlay-color":"","overlay-opacity":"","overlay-gradient":""},"tablet":{"background-color":"","background-image":"","background-repeat":"repeat","background-position":"center center","background-size":"auto","background-attachment":"scroll","background-type":"","background-media":"","overlay-type":"","overlay-color":"","overlay-opacity":"","overlay-gradient":""},"mobile":{"background-color":"","background-image":"","background-repeat":"repeat","background-position":"center center","background-size":"auto","background-attachment":"scroll","background-type":"","background-media":"","overlay-type":"","overlay-color":"","overlay-opacity":"","overlay-gradient":""}},"ast-content-background-meta":{"desktop":{"background-color":"var(--ast-global-color-5)","background-image":"","background-repeat":"repeat","background-position":"center center","background-size":"auto","background-attachment":"scroll","background-type":"","background-media":"","overlay-type":"","overlay-color":"","overlay-opacity":"","overlay-gradient":""},"tablet":{"background-color":"var(--ast-global-color-5)","background-image":"","background-repeat":"repeat","background-position":"center center","background-size":"auto","background-attachment":"scroll","background-type":"","background-media":"","overlay-type":"","overlay-color":"","overlay-opacity":"","overlay-gradient":""},"mobile":{"background-color":"var(--ast-global-color-5)","background-image":"","background-repeat":"repeat","background-position":"center center","background-size":"auto","background-attachment":"scroll","background-type":"","background-media":"","overlay-type":"","overlay-color":"","overlay-opacity":"","overlay-gradient":""}}},"product_brand":[],"product_cat":[16],"product_tag":[],"class_list":{"0":"post-380","1":"product","2":"type-product","3":"status-publish","4":"has-post-thumbnail","6":"product_cat-sin-categorizar","7":"desktop-align-left","8":"tablet-align-left","9":"mobile-align-left","11":"first","12":"instock","13":"shipping-taxable","14":"purchasable","15":"product-type-variable"},"_links":{"self":[{"href":"https:\/\/blancascomi.es\/index.php?rest_route=\/wp\/v2\/product\/380","targetHints":{"allow":["GET"]}}],"collection":[{"href":"https:\/\/blancascomi.es\/index.php?rest_route=\/wp\/v2\/product"}],"about":[{"href":"https:\/\/blancascomi.es\/index.php?rest_route=\/wp\/v2\/types\/product"}],"wp:featuredmedia":[{"embeddable":true,"href":"https:\/\/blancascomi.es\/index.php?rest_route=\/wp\/v2\/media\/438"}],"wp:attachment":[{"href":"https:\/\/blancascomi.es\/index.php?rest_route=%2Fwp%2Fv2%2Fmedia&parent=380"}],"wp:term":[{"taxonomy":"product_brand","embeddable":true,"href":"https:\/\/blancascomi.es\/index.php?rest_route=%2Fwp%2Fv2%2Fproduct_brand&post=380"},{"taxonomy":"product_cat","embeddable":true,"href":"https:\/\/blancascomi.es\/index.php?rest_route=%2Fwp%2Fv2%2Fproduct_cat&post=380"},{"taxonomy":"product_tag","embeddable":true,"href":"https:\/\/blancascomi.es\/index.php?rest_route=%2Fwp%2Fv2%2Fproduct_tag&post=380"}],"curies":[{"name":"wp","href":"https:\/\/api.w.org\/{rel}","templated":true}]}}